{"id":12941,"date":"2025-05-21T10:28:24","date_gmt":"2025-05-21T14:28:24","guid":{"rendered":"https:\/\/conexsol.com\/panama\/?page_id=12941"},"modified":"2026-01-12T12:21:25","modified_gmt":"2026-01-12T16:21:25","slug":"solicita-tu-cotizacion-gratis","status":"publish","type":"page","link":"https:\/\/conexsol.com\/panama\/solicita-tu-cotizacion-gratis\/","title":{"rendered":"Solicita tu Cotizaci\u00f3n Gratis"},"content":{"rendered":"\t\t<div data-elementor-type=\"wp-page\" data-elementor-id=\"12941\" class=\"elementor elementor-12941\">\n\t\t\t\t<div class=\"elementor-element elementor-element-dee84e5 e-flex e-con-boxed e-con e-parent \" data-id=\"dee84e5\" data-element_type=\"container\">\t\t\t<div class=\"e-con-inner\">\r\n\t\t\t\t<div class=\"elementor-element elementor-element-5d6c72d elementor-widget elementor-widget-heading\" data-id=\"5d6c72d\" data-element_type=\"widget\" data-settings=\"{&quot;_animation&quot;:&quot;none&quot;}\" data-widget_type=\"heading.default\">\n\t\t\t\t<div class=\"elementor-widget-container\">\n\t\t\t\t\t<h2 class=\"elementor-heading-title elementor-size-default\">Empresa de Paneles solares en Panam\u00e1<\/h2>\t\t\t\t<\/div>\n\t\t\t\t<\/div>\n\t\t\t\t<div class=\"elementor-element elementor-element-f582dce elementor-widget elementor-widget-heading\" data-id=\"f582dce\" data-element_type=\"widget\" data-settings=\"{&quot;_animation&quot;:&quot;none&quot;}\" data-widget_type=\"heading.default\">\n\t\t\t\t<div class=\"elementor-widget-container\">\n\t\t\t\t\t<h2 class=\"elementor-heading-title elementor-size-default\">Tu energ\u00eda limpia comienza aqu\u00ed\n\n<\/h2>\t\t\t\t<\/div>\n\t\t\t\t<\/div>\n\t\t<div class=\"elementor-element elementor-element-f04b82b e-con-full e-flex e-con e-child \" data-id=\"f04b82b\" data-element_type=\"container\"><div class=\"elementor-element elementor-element-6ae114d e-con-full e-flex e-con e-child \" data-id=\"6ae114d\" data-element_type=\"container\" data-settings=\"{&quot;background_background&quot;:&quot;classic&quot;}\">\t\t<div class=\"elementor-element elementor-element-1581011 elementor-widget__width-initial elementor-widget-mobile__width-inherit elementor-widget elementor-widget-heading\" data-id=\"1581011\" data-element_type=\"widget\" data-settings=\"{&quot;_animation&quot;:&quot;none&quot;}\" data-widget_type=\"heading.default\">\n\t\t\t\t<div class=\"elementor-widget-container\">\n\t\t\t\t\t<h4 class=\"elementor-heading-title elementor-size-default\">Empieza a ahorrar desde hoy y recibe asesor\u00eda gratuita con los expertos en energ\u00eda solar en Panam\u00e1.<\/h4>\t\t\t\t<\/div>\n\t\t\t\t<\/div>\n\t\t\t\t<div class=\"elementor-element elementor-element-c8ee456 elementor-widget__width-initial elementor-widget elementor-widget-text-editor\" data-id=\"c8ee456\" data-element_type=\"widget\" data-settings=\"{&quot;_animation&quot;:&quot;none&quot;,&quot;_animation_delay&quot;:200}\" data-widget_type=\"text-editor.default\">\n\t\t\t\t<div class=\"elementor-widget-container\">\n\t\t\t\t\t\t\t\t\t<p>En Conexsol impulsamos el futuro energ\u00e9tico con soluciones solares innovadoras, eficientes y accesibles. Nuestro equipo dise\u00f1a cada sistema a la medida para ayudarte a reducir costos y consumir energ\u00eda limpia. Haz la transici\u00f3n hacia una vida m\u00e1s sostenible, confiable y moderna con tecnolog\u00eda solar que transforma hogares y empresas.<\/p>\t\t\t\t\t\t\t\t<\/div>\n\t\t\t\t<\/div>\n\t\t<div class=\"elementor-element elementor-element-ff276a4 e-flex e-con-boxed e-con e-child \" data-id=\"ff276a4\" data-element_type=\"container\" data-settings=\"{&quot;animation&quot;:&quot;none&quot;,&quot;animation_delay&quot;:600}\">\t\t\t<div class=\"e-con-inner\">\r\n\t\t<div class=\"elementor-element elementor-element-251d8a2 e-con-full e-flex e-con e-child \" data-id=\"251d8a2\" data-element_type=\"container\">\t\t<div class=\"elementor-element elementor-element-57795f1 elementor-view-stacked elementor-shape-circle elementor-widget elementor-widget-icon\" data-id=\"57795f1\" data-element_type=\"widget\" data-widget_type=\"icon.default\">\n\t\t\t\t<div class=\"elementor-widget-container\">\n\t\t\t\t\t\t\t<div class=\"elementor-icon-wrapper\">\n\t\t\t<div class=\"elementor-icon\">\n\t\t\t<i aria-hidden=\"true\" class=\"fas fa-envelope\"><\/i>\t\t\t<\/div>\n\t\t<\/div>\n\t\t\t\t\t\t<\/div>\n\t\t\t\t<\/div>\n\t\t\t\t<\/div>\r\n\t\t<div class=\"elementor-element elementor-element-c23b2d6 e-con-full e-flex e-con e-child \" data-id=\"c23b2d6\" data-element_type=\"container\">\t\t<div class=\"elementor-element elementor-element-c80cf4b elementor-widget__width-initial elementor-widget elementor-widget-heading\" data-id=\"c80cf4b\" data-element_type=\"widget\" data-widget_type=\"heading.default\">\n\t\t\t\t<div class=\"elementor-widget-container\">\n\t\t\t\t\t<h4 class=\"elementor-heading-title elementor-size-default\">Escr\u00edbenos directamente<\/h4>\t\t\t\t<\/div>\n\t\t\t\t<\/div>\n\t\t\t\t<div class=\"elementor-element elementor-element-d51573b elementor-widget elementor-widget-text-editor\" data-id=\"d51573b\" data-element_type=\"widget\" data-widget_type=\"text-editor.default\">\n\t\t\t\t<div class=\"elementor-widget-container\">\n\t\t\t\t\t\t\t\t\t\u00bfTienes dudas o deseas cotizar tu sistema solar? Nuestro equipo est\u00e1 listo para asesorarte y ayudarte a tomar la mejor decisi\u00f3n para tu hogar o empresa.\n\n\t\t\t\t\t\t\t\t<\/div>\n\t\t\t\t<\/div>\n\t\t\t\t<\/div>\r\n\t\t\t\t\t<\/div>\r\n\t\t\t\t<\/div>\r\n\t\t<div class=\"elementor-element elementor-element-dd276b8 e-flex e-con-boxed e-con e-child \" data-id=\"dd276b8\" data-element_type=\"container\" data-settings=\"{&quot;animation&quot;:&quot;none&quot;,&quot;animation_delay&quot;:600}\">\t\t\t<div class=\"e-con-inner\">\r\n\t\t<div class=\"elementor-element elementor-element-0fb4380 e-con-full e-flex e-con e-child \" data-id=\"0fb4380\" data-element_type=\"container\">\t\t<div class=\"elementor-element elementor-element-81f4caa elementor-view-stacked elementor-shape-circle elementor-widget elementor-widget-icon\" data-id=\"81f4caa\" data-element_type=\"widget\" data-widget_type=\"icon.default\">\n\t\t\t\t<div class=\"elementor-widget-container\">\n\t\t\t\t\t\t\t<div class=\"elementor-icon-wrapper\">\n\t\t\t<div class=\"elementor-icon\">\n\t\t\t<i aria-hidden=\"true\" class=\"fas fa-headset\"><\/i>\t\t\t<\/div>\n\t\t<\/div>\n\t\t\t\t\t\t<\/div>\n\t\t\t\t<\/div>\n\t\t\t\t<\/div>\r\n\t\t<div class=\"elementor-element elementor-element-f20912f e-con-full e-flex e-con e-child \" data-id=\"f20912f\" data-element_type=\"container\">\t\t<div class=\"elementor-element elementor-element-8efbf3f elementor-widget__width-initial elementor-widget elementor-widget-heading\" data-id=\"8efbf3f\" data-element_type=\"widget\" data-widget_type=\"heading.default\">\n\t\t\t\t<div class=\"elementor-widget-container\">\n\t\t\t\t\t<h4 class=\"elementor-heading-title elementor-size-default\">Atenci\u00f3n personalizada<\/h4>\t\t\t\t<\/div>\n\t\t\t\t<\/div>\n\t\t\t\t<div class=\"elementor-element elementor-element-7d18c20 elementor-widget elementor-widget-text-editor\" data-id=\"7d18c20\" data-element_type=\"widget\" data-widget_type=\"text-editor.default\">\n\t\t\t\t<div class=\"elementor-widget-container\">\n\t\t\t\t\t\t\t\t\tRecibe atenci\u00f3n r\u00e1pida, confiable y cercana de nuestros especialistas. Cada proyecto solar es \u00fanico, y en Conexsol te damos soluciones a la medida.\n\n\t\t\t\t\t\t\t\t<\/div>\n\t\t\t\t<\/div>\n\t\t\t\t<\/div>\r\n\t\t\t\t\t<\/div>\r\n\t\t\t\t<\/div>\r\n\t\t<div class=\"elementor-element elementor-element-a1db9aa e-flex e-con-boxed e-con e-child \" data-id=\"a1db9aa\" data-element_type=\"container\" data-settings=\"{&quot;animation&quot;:&quot;none&quot;,&quot;animation_delay&quot;:800}\">\t\t\t<div class=\"e-con-inner\">\r\n\t\t<div class=\"elementor-element elementor-element-3cc931c e-con-full e-flex e-con e-child \" data-id=\"3cc931c\" data-element_type=\"container\">\t\t<div class=\"elementor-element elementor-element-fa282ec elementor-view-stacked elementor-shape-circle elementor-widget elementor-widget-icon\" data-id=\"fa282ec\" data-element_type=\"widget\" data-widget_type=\"icon.default\">\n\t\t\t\t<div class=\"elementor-widget-container\">\n\t\t\t\t\t\t\t<div class=\"elementor-icon-wrapper\">\n\t\t\t<div class=\"elementor-icon\">\n\t\t\t<i aria-hidden=\"true\" class=\"fas fa-solar-panel\"><\/i>\t\t\t<\/div>\n\t\t<\/div>\n\t\t\t\t\t\t<\/div>\n\t\t\t\t<\/div>\n\t\t\t\t<\/div>\r\n\t\t<div class=\"elementor-element elementor-element-019ce58 e-con-full e-flex e-con e-child \" data-id=\"019ce58\" data-element_type=\"container\">\t\t<div class=\"elementor-element elementor-element-c9275e6 elementor-widget__width-initial elementor-widget elementor-widget-heading\" data-id=\"c9275e6\" data-element_type=\"widget\" data-widget_type=\"heading.default\">\n\t\t\t\t<div class=\"elementor-widget-container\">\n\t\t\t\t\t<h4 class=\"elementor-heading-title elementor-size-default\">Solicita una reuni\u00f3n t\u00e9cnica<\/h4>\t\t\t\t<\/div>\n\t\t\t\t<\/div>\n\t\t\t\t<div class=\"elementor-element elementor-element-fb17e46 elementor-widget elementor-widget-text-editor\" data-id=\"fb17e46\" data-element_type=\"widget\" data-widget_type=\"text-editor.default\">\n\t\t\t\t<div class=\"elementor-widget-container\">\n\t\t\t\t\t\t\t\t\t\u00bfQuieres conocer m\u00e1s a fondo c\u00f3mo funciona la energ\u00eda solar en tu propiedad? Agenda una consulta sin compromiso con uno de nuestros ingenieros expertos.\n\n\t\t\t\t\t\t\t\t<\/div>\n\t\t\t\t<\/div>\n\t\t\t\t<\/div>\r\n\t\t\t\t\t<\/div>\r\n\t\t\t\t<\/div>\r\n\t\t\t\t<\/div>\r\n\t\t<div class=\"elementor-element elementor-element-f512858 e-con-full e-flex e-con e-child \" data-id=\"f512858\" data-element_type=\"container\" data-settings=\"{&quot;background_background&quot;:&quot;classic&quot;}\">\t\t<div class=\"elementor-element elementor-element-6dc2f3b elementor-hidden-tablet elementor-hidden-mobile elementor-widget elementor-widget-html\" data-id=\"6dc2f3b\" data-element_type=\"widget\" data-widget_type=\"html.default\">\n\t\t\t\t<div class=\"elementor-widget-container\">\n\t\t\t\t\t<div\n  data-tf-live=\"01KESBYAG526820C7WJ667SMZH\"\n  data-tf-height=\"80vh\"\n  style=\"width:100%;\"\n><\/div>\n<script src=\"https:\/\/embed.typeform.com\/next\/embed.js\"><\/script>\n\t\t\t\t<\/div>\n\t\t\t\t<\/div>\n\t\t\t\t<div class=\"elementor-element elementor-element-f5e51fb elementor-hidden-desktop elementor-widget elementor-widget-html\" data-id=\"f5e51fb\" data-element_type=\"widget\" data-widget_type=\"html.default\">\n\t\t\t\t<div class=\"elementor-widget-container\">\n\t\t\t\t\t<iframe aria-label='Formulario Captaci\u00f3n Leads Versi\u00f3n M\u00f3vil' frameborder=\"0\" style=\"height:500px;width:99%;border:none;\" data-src='https:\/\/forms.zohopublic.com\/conexsol1\/form\/FormularioCaptacinLeadsVersinMvil\/formperma\/nlBPC2iddsYCjUBJgGbtAEaxSQFBLp8i6HqefqLUpuc' src=\"data:image\/svg+xml;base64,PHN2ZyB3aWR0aD0iMSIgaGVpZ2h0PSIxIiB4bWxucz0iaHR0cDovL3d3dy53My5vcmcvMjAwMC9zdmciPjwvc3ZnPg==\" class=\"lazyload\" data-load-mode=\"1\"><\/iframe>\t\t\t\t<\/div>\n\t\t\t\t<\/div>\n\t\t\t\t<\/div>\r\n\t\t\t\t<\/div>\r\n\t\t\t\t\t<\/div>\r\n\t\t\t\t<\/div>\r\n\t\t\t\t<\/div>\n\t\t","protected":false},"excerpt":{"rendered":"<p>Empresa de Paneles solares en Panam\u00e1 Tu energ\u00eda limpia comienza aqu\u00ed Empieza a ahorrar desde hoy y recibe asesor\u00eda gratuita con los expertos en energ\u00eda solar en Panam\u00e1. En Conexsol impulsamos el futuro energ\u00e9tico con soluciones solares innovadoras, eficientes y accesibles. Nuestro equipo dise\u00f1a cada sistema a la medida para ayudarte a reducir costos y [&hellip;]<\/p>\n","protected":false},"author":1,"featured_media":0,"parent":0,"menu_order":23,"comment_status":"closed","ping_status":"closed","template":"elementor_header_footer","meta":{"_acf_changed":false,"inline_featured_image":false,"_joinchat":[],"footnotes":""},"class_list":["post-12941","page","type-page","status-publish","hentry"],"acf":[],"yoast_head":"<!-- This site is optimized with the Yoast SEO plugin v26.7 - https:\/\/yoast.com\/wordpress\/plugins\/seo\/ -->\n<title>Solicita tu Cotizaci\u00f3n Gratis - Conexsol<\/title>\n<meta name=\"robots\" content=\"index, follow, max-snippet:-1, max-image-preview:large, max-video-preview:-1\" \/>\n<link rel=\"canonical\" href=\"https:\/\/conexsol.com\/panama\/solicita-tu-cotizacion-gratis\/\" \/>\n<meta property=\"og:locale\" content=\"en_US\" \/>\n<meta property=\"og:type\" content=\"article\" \/>\n<meta property=\"og:title\" content=\"Solicita tu Cotizaci\u00f3n Gratis - Conexsol\" \/>\n<meta property=\"og:description\" content=\"Empresa de Paneles solares en Panam\u00e1 Tu energ\u00eda limpia comienza aqu\u00ed Empieza a ahorrar desde hoy y recibe asesor\u00eda gratuita con los expertos en energ\u00eda solar en Panam\u00e1. En Conexsol impulsamos el futuro energ\u00e9tico con soluciones solares innovadoras, eficientes y accesibles. Nuestro equipo dise\u00f1a cada sistema a la medida para ayudarte a reducir costos y [&hellip;]\" \/>\n<meta property=\"og:url\" content=\"https:\/\/conexsol.com\/panama\/solicita-tu-cotizacion-gratis\/\" \/>\n<meta property=\"og:site_name\" content=\"Conexsol\" \/>\n<meta property=\"article:modified_time\" content=\"2026-01-12T16:21:25+00:00\" \/>\n<meta property=\"og:image\" content=\"https:\/\/conexsol.com\/panama\/wp-content\/uploads\/2024\/10\/Conexsol-Logo-1.png\" \/>\n\t<meta property=\"og:image:width\" content=\"584\" \/>\n\t<meta property=\"og:image:height\" content=\"221\" \/>\n\t<meta property=\"og:image:type\" content=\"image\/png\" \/>\n<meta name=\"twitter:card\" content=\"summary_large_image\" \/>\n<meta name=\"twitter:label1\" content=\"Est. reading time\" \/>\n\t<meta name=\"twitter:data1\" content=\"1 minute\" \/>\n<script type=\"application\/ld+json\" class=\"yoast-schema-graph\">{\"@context\":\"https:\/\/schema.org\",\"@graph\":[{\"@type\":\"WebPage\",\"@id\":\"https:\/\/conexsol.com\/panama\/solicita-tu-cotizacion-gratis\/\",\"url\":\"https:\/\/conexsol.com\/panama\/solicita-tu-cotizacion-gratis\/\",\"name\":\"Solicita tu Cotizaci\u00f3n Gratis - Conexsol\",\"isPartOf\":{\"@id\":\"https:\/\/conexsol.com\/panama\/#website\"},\"datePublished\":\"2025-05-21T14:28:24+00:00\",\"dateModified\":\"2026-01-12T16:21:25+00:00\",\"breadcrumb\":{\"@id\":\"https:\/\/conexsol.com\/panama\/solicita-tu-cotizacion-gratis\/#breadcrumb\"},\"inLanguage\":\"en-US\",\"potentialAction\":[{\"@type\":\"ReadAction\",\"target\":[\"https:\/\/conexsol.com\/panama\/solicita-tu-cotizacion-gratis\/\"]}]},{\"@type\":\"BreadcrumbList\",\"@id\":\"https:\/\/conexsol.com\/panama\/solicita-tu-cotizacion-gratis\/#breadcrumb\",\"itemListElement\":[{\"@type\":\"ListItem\",\"position\":1,\"name\":\"Home\",\"item\":\"https:\/\/conexsol.com\/panama\/\"},{\"@type\":\"ListItem\",\"position\":2,\"name\":\"Solicita tu Cotizaci\u00f3n Gratis\"}]},{\"@type\":\"WebSite\",\"@id\":\"https:\/\/conexsol.com\/panama\/#website\",\"url\":\"https:\/\/conexsol.com\/panama\/\",\"name\":\"Conexsol\",\"description\":\"Empresa de paneles solares en Panam\u00e1\",\"publisher\":{\"@id\":\"https:\/\/conexsol.com\/panama\/#organization\"},\"alternateName\":\"Empresa de paneles solares en Panam\u00e1\",\"potentialAction\":[{\"@type\":\"SearchAction\",\"target\":{\"@type\":\"EntryPoint\",\"urlTemplate\":\"https:\/\/conexsol.com\/panama\/?s={search_term_string}\"},\"query-input\":{\"@type\":\"PropertyValueSpecification\",\"valueRequired\":true,\"valueName\":\"search_term_string\"}}],\"inLanguage\":\"en-US\"},{\"@type\":\"Organization\",\"@id\":\"https:\/\/conexsol.com\/panama\/#organization\",\"name\":\"Empresa de paneles solares en Panam\u00e1\",\"alternateName\":\"Empresa de paneles solares en Panam\u00e1\",\"url\":\"https:\/\/conexsol.com\/panama\/\",\"logo\":{\"@type\":\"ImageObject\",\"inLanguage\":\"en-US\",\"@id\":\"https:\/\/conexsol.com\/panama\/#\/schema\/logo\/image\/\",\"url\":\"https:\/\/conexsol.com\/panama\/wp-content\/uploads\/2022\/04\/conexsolLogoColor-1.png\",\"contentUrl\":\"https:\/\/conexsol.com\/panama\/wp-content\/uploads\/2022\/04\/conexsolLogoColor-1.png\",\"width\":584,\"height\":221,\"caption\":\"Empresa de paneles solares en Panam\u00e1\"},\"image\":{\"@id\":\"https:\/\/conexsol.com\/panama\/#\/schema\/logo\/image\/\"},\"sameAs\":[\"https:\/\/www.instagram.com\/conexsol_panama\/\"]}]}<\/script>\n<!-- \/ Yoast SEO plugin. -->","yoast_head_json":{"title":"Solicita tu Cotizaci\u00f3n Gratis - Conexsol","robots":{"index":"index","follow":"follow","max-snippet":"max-snippet:-1","max-image-preview":"max-image-preview:large","max-video-preview":"max-video-preview:-1"},"canonical":"https:\/\/conexsol.com\/panama\/solicita-tu-cotizacion-gratis\/","og_locale":"en_US","og_type":"article","og_title":"Solicita tu Cotizaci\u00f3n Gratis - Conexsol","og_description":"Empresa de Paneles solares en Panam\u00e1 Tu energ\u00eda limpia comienza aqu\u00ed Empieza a ahorrar desde hoy y recibe asesor\u00eda gratuita con los expertos en energ\u00eda solar en Panam\u00e1. En Conexsol impulsamos el futuro energ\u00e9tico con soluciones solares innovadoras, eficientes y accesibles. Nuestro equipo dise\u00f1a cada sistema a la medida para ayudarte a reducir costos y [&hellip;]","og_url":"https:\/\/conexsol.com\/panama\/solicita-tu-cotizacion-gratis\/","og_site_name":"Conexsol","article_modified_time":"2026-01-12T16:21:25+00:00","og_image":[{"width":584,"height":221,"url":"https:\/\/conexsol.com\/panama\/wp-content\/uploads\/2024\/10\/Conexsol-Logo-1.png","type":"image\/png"}],"twitter_card":"summary_large_image","twitter_misc":{"Est. reading time":"1 minute"},"schema":{"@context":"https:\/\/schema.org","@graph":[{"@type":"WebPage","@id":"https:\/\/conexsol.com\/panama\/solicita-tu-cotizacion-gratis\/","url":"https:\/\/conexsol.com\/panama\/solicita-tu-cotizacion-gratis\/","name":"Solicita tu Cotizaci\u00f3n Gratis - Conexsol","isPartOf":{"@id":"https:\/\/conexsol.com\/panama\/#website"},"datePublished":"2025-05-21T14:28:24+00:00","dateModified":"2026-01-12T16:21:25+00:00","breadcrumb":{"@id":"https:\/\/conexsol.com\/panama\/solicita-tu-cotizacion-gratis\/#breadcrumb"},"inLanguage":"en-US","potentialAction":[{"@type":"ReadAction","target":["https:\/\/conexsol.com\/panama\/solicita-tu-cotizacion-gratis\/"]}]},{"@type":"BreadcrumbList","@id":"https:\/\/conexsol.com\/panama\/solicita-tu-cotizacion-gratis\/#breadcrumb","itemListElement":[{"@type":"ListItem","position":1,"name":"Home","item":"https:\/\/conexsol.com\/panama\/"},{"@type":"ListItem","position":2,"name":"Solicita tu Cotizaci\u00f3n Gratis"}]},{"@type":"WebSite","@id":"https:\/\/conexsol.com\/panama\/#website","url":"https:\/\/conexsol.com\/panama\/","name":"Conexsol","description":"Empresa de paneles solares en Panam\u00e1","publisher":{"@id":"https:\/\/conexsol.com\/panama\/#organization"},"alternateName":"Empresa de paneles solares en Panam\u00e1","potentialAction":[{"@type":"SearchAction","target":{"@type":"EntryPoint","urlTemplate":"https:\/\/conexsol.com\/panama\/?s={search_term_string}"},"query-input":{"@type":"PropertyValueSpecification","valueRequired":true,"valueName":"search_term_string"}}],"inLanguage":"en-US"},{"@type":"Organization","@id":"https:\/\/conexsol.com\/panama\/#organization","name":"Empresa de paneles solares en Panam\u00e1","alternateName":"Empresa de paneles solares en Panam\u00e1","url":"https:\/\/conexsol.com\/panama\/","logo":{"@type":"ImageObject","inLanguage":"en-US","@id":"https:\/\/conexsol.com\/panama\/#\/schema\/logo\/image\/","url":"https:\/\/conexsol.com\/panama\/wp-content\/uploads\/2022\/04\/conexsolLogoColor-1.png","contentUrl":"https:\/\/conexsol.com\/panama\/wp-content\/uploads\/2022\/04\/conexsolLogoColor-1.png","width":584,"height":221,"caption":"Empresa de paneles solares en Panam\u00e1"},"image":{"@id":"https:\/\/conexsol.com\/panama\/#\/schema\/logo\/image\/"},"sameAs":["https:\/\/www.instagram.com\/conexsol_panama\/"]}]}},"_links":{"self":[{"href":"https:\/\/conexsol.com\/panama\/wp-json\/wp\/v2\/pages\/12941","targetHints":{"allow":["GET"]}}],"collection":[{"href":"https:\/\/conexsol.com\/panama\/wp-json\/wp\/v2\/pages"}],"about":[{"href":"https:\/\/conexsol.com\/panama\/wp-json\/wp\/v2\/types\/page"}],"author":[{"embeddable":true,"href":"https:\/\/conexsol.com\/panama\/wp-json\/wp\/v2\/users\/1"}],"replies":[{"embeddable":true,"href":"https:\/\/conexsol.com\/panama\/wp-json\/wp\/v2\/comments?post=12941"}],"version-history":[{"count":18,"href":"https:\/\/conexsol.com\/panama\/wp-json\/wp\/v2\/pages\/12941\/revisions"}],"predecessor-version":[{"id":14870,"href":"https:\/\/conexsol.com\/panama\/wp-json\/wp\/v2\/pages\/12941\/revisions\/14870"}],"wp:attachment":[{"href":"https:\/\/conexsol.com\/panama\/wp-json\/wp\/v2\/media?parent=12941"}],"curies":[{"name":"wp","href":"https:\/\/api.w.org\/{rel}","templated":true}]}}