{"id":12917,"date":"2025-05-21T10:08:08","date_gmt":"2025-05-21T14:08:08","guid":{"rendered":"https:\/\/conexsol.com\/panama\/?page_id=12917"},"modified":"2025-11-25T12:52:46","modified_gmt":"2025-11-25T16:52:46","slug":"unete-al-equipo","status":"publish","type":"page","link":"https:\/\/conexsol.com\/panama\/unete-al-equipo\/","title":{"rendered":"\u00danete al equipo"},"content":{"rendered":"\t\t<div data-elementor-type=\"wp-page\" data-elementor-id=\"12917\" class=\"elementor elementor-12917\">\n\t\t\t\t<div class=\"elementor-element elementor-element-7384fca e-flex e-con-boxed e-con e-parent \" data-id=\"7384fca\" data-element_type=\"container\" data-settings=\"{&quot;background_background&quot;:&quot;classic&quot;}\">\t\t\t<div class=\"e-con-inner\">\r\n\t\t<div class=\"elementor-element elementor-element-feb3c8f e-con-full e-flex e-con e-child \" data-id=\"feb3c8f\" data-element_type=\"container\">\t\t<div class=\"elementor-element elementor-element-74dab5f elementor-widget elementor-widget-heading\" data-id=\"74dab5f\" data-element_type=\"widget\" data-widget_type=\"heading.default\">\n\t\t\t\t<div class=\"elementor-widget-container\">\n\t\t\t\t\t<h1 class=\"elementor-heading-title elementor-size-default\">CARRERAS\n<\/h1>\t\t\t\t<\/div>\n\t\t\t\t<\/div>\n\t\t\t\t<div class=\"elementor-element elementor-element-58728da elementor-widget elementor-widget-heading\" data-id=\"58728da\" data-element_type=\"widget\" data-widget_type=\"heading.default\">\n\t\t\t\t<div class=\"elementor-widget-container\">\n\t\t\t\t\t<h2 class=\"elementor-heading-title elementor-size-default\">\u00danete a Nuestra Historia\n<\/h2>\t\t\t\t<\/div>\n\t\t\t\t<\/div>\n\t\t\t\t<div class=\"elementor-element elementor-element-8019bdb elementor-align-left elementor-widget elementor-widget-button\" data-id=\"8019bdb\" data-element_type=\"widget\" data-widget_type=\"button.default\">\n\t\t\t\t<div class=\"elementor-widget-container\">\n\t\t\t\t\t\t\t\t\t<div class=\"elementor-button-wrapper\">\n\t\t\t\t\t<a class=\"elementor-button elementor-button-link elementor-size-sm\" href=\"https:\/\/zmwhphccgbq.typeform.com\/to\/WRcGDxOZ?typeform-source=conexsol.redcodeclientes.online\">\n\t\t\t\t\t\t<span class=\"elementor-button-content-wrapper\">\n\t\t\t\t\t\t<span class=\"elementor-button-icon\">\n\t\t\t\t<i aria-hidden=\"true\" class=\"fas fa-arrow-circle-right\"><\/i>\t\t\t<\/span>\n\t\t\t\t\t\t\t\t\t<span class=\"elementor-button-text\">Encuentra Tu Pr\u00f3xima Aventura<\/span>\n\t\t\t\t\t<\/span>\n\t\t\t\t\t<\/a>\n\t\t\t\t<\/div>\n\t\t\t\t\t\t\t\t<\/div>\n\t\t\t\t<\/div>\n\t\t\t\t<\/div>\r\n\t\t<div class=\"elementor-element elementor-element-d2dc46a e-con-full e-grid e-con e-child \" data-id=\"d2dc46a\" data-element_type=\"container\">\t\t<div class=\"elementor-element elementor-element-f82dc51 elementor-view-default elementor-position-top elementor-mobile-position-top elementor-widget elementor-widget-icon-box\" data-id=\"f82dc51\" data-element_type=\"widget\" data-widget_type=\"icon-box.default\">\n\t\t\t\t<div class=\"elementor-widget-container\">\n\t\t\t\t\t\t\t<div class=\"elementor-icon-box-wrapper\">\n\n\t\t\t\t\t\t<div class=\"elementor-icon-box-icon\">\n\t\t\t\t<span  class=\"elementor-icon\">\n\t\t\t\t<i aria-hidden=\"true\" class=\"far fa-check-circle\"><\/i>\t\t\t\t<\/span>\n\t\t\t<\/div>\n\t\t\t\n\t\t\t\t\t\t<div class=\"elementor-icon-box-content\">\n\n\t\t\t\t\t\t\t\t\t<h3 class=\"elementor-icon-box-title\">\n\t\t\t\t\t\t<span  >\n\t\t\t\t\t\t\tIngenier\u00eda\t\t\t\t\t\t<\/span>\n\t\t\t\t\t<\/h3>\n\t\t\t\t\n\t\t\t\t\t\t\t\t\t<p class=\"elementor-icon-box-description\">\n\t\t\t\t\t\tInnova con nosotros y construye el futuro de la energ\u00eda renovable.\n\n\t\t\t\t\t<\/p>\n\t\t\t\t\n\t\t\t<\/div>\n\t\t\t\n\t\t<\/div>\n\t\t\t\t\t\t<\/div>\n\t\t\t\t<\/div>\n\t\t\t\t<div class=\"elementor-element elementor-element-788da20 elementor-view-default elementor-position-top elementor-mobile-position-top elementor-widget elementor-widget-icon-box\" data-id=\"788da20\" data-element_type=\"widget\" data-widget_type=\"icon-box.default\">\n\t\t\t\t<div class=\"elementor-widget-container\">\n\t\t\t\t\t\t\t<div class=\"elementor-icon-box-wrapper\">\n\n\t\t\t\t\t\t<div class=\"elementor-icon-box-icon\">\n\t\t\t\t<span  class=\"elementor-icon\">\n\t\t\t\t<i aria-hidden=\"true\" class=\"far fa-check-circle\"><\/i>\t\t\t\t<\/span>\n\t\t\t<\/div>\n\t\t\t\n\t\t\t\t\t\t<div class=\"elementor-icon-box-content\">\n\n\t\t\t\t\t\t\t\t\t<h3 class=\"elementor-icon-box-title\">\n\t\t\t\t\t\t<span  >\n\t\t\t\t\t\t\tCustomer Experience\t\t\t\t\t\t<\/span>\n\t\t\t\t\t<\/h3>\n\t\t\t\t\n\t\t\t\t\t\t\t\t\t<p class=\"elementor-icon-box-description\">\n\t\t\t\t\t\tCrea un impacto duradero al ofrecer soluciones excepcionales a nuestros clientes.\n\n\n\t\t\t\t\t<\/p>\n\t\t\t\t\n\t\t\t<\/div>\n\t\t\t\n\t\t<\/div>\n\t\t\t\t\t\t<\/div>\n\t\t\t\t<\/div>\n\t\t\t\t<div class=\"elementor-element elementor-element-c421376 elementor-view-default elementor-position-top elementor-mobile-position-top elementor-widget elementor-widget-icon-box\" data-id=\"c421376\" data-element_type=\"widget\" data-widget_type=\"icon-box.default\">\n\t\t\t\t<div class=\"elementor-widget-container\">\n\t\t\t\t\t\t\t<div class=\"elementor-icon-box-wrapper\">\n\n\t\t\t\t\t\t<div class=\"elementor-icon-box-icon\">\n\t\t\t\t<span  class=\"elementor-icon\">\n\t\t\t\t<i aria-hidden=\"true\" class=\"far fa-check-circle\"><\/i>\t\t\t\t<\/span>\n\t\t\t<\/div>\n\t\t\t\n\t\t\t\t\t\t<div class=\"elementor-icon-box-content\">\n\n\t\t\t\t\t\t\t\t\t<h3 class=\"elementor-icon-box-title\">\n\t\t\t\t\t\t<span  >\n\t\t\t\t\t\t\tMarketing &amp; Ventas\t\t\t\t\t\t<\/span>\n\t\t\t\t\t<\/h3>\n\t\t\t\t\n\t\t\t\t\t\t\t\t\t<p class=\"elementor-icon-box-description\">\n\t\t\t\t\t\tImpulsa nuestra misi\u00f3n conectando a las personas con la energ\u00eda sostenible.\n\n\n\n\t\t\t\t\t<\/p>\n\t\t\t\t\n\t\t\t<\/div>\n\t\t\t\n\t\t<\/div>\n\t\t\t\t\t\t<\/div>\n\t\t\t\t<\/div>\n\t\t\t\t<div class=\"elementor-element elementor-element-e5c4b3e elementor-view-default elementor-position-top elementor-mobile-position-top elementor-widget elementor-widget-icon-box\" data-id=\"e5c4b3e\" data-element_type=\"widget\" data-widget_type=\"icon-box.default\">\n\t\t\t\t<div class=\"elementor-widget-container\">\n\t\t\t\t\t\t\t<div class=\"elementor-icon-box-wrapper\">\n\n\t\t\t\t\t\t<div class=\"elementor-icon-box-icon\">\n\t\t\t\t<span  class=\"elementor-icon\">\n\t\t\t\t<i aria-hidden=\"true\" class=\"far fa-check-circle\"><\/i>\t\t\t\t<\/span>\n\t\t\t<\/div>\n\t\t\t\n\t\t\t\t\t\t<div class=\"elementor-icon-box-content\">\n\n\t\t\t\t\t\t\t\t\t<h3 class=\"elementor-icon-box-title\">\n\t\t\t\t\t\t<span  >\n\t\t\t\t\t\t\tProcura &amp; Construcci\u00f3n\t\t\t\t\t\t<\/span>\n\t\t\t\t\t<\/h3>\n\t\t\t\t\n\t\t\t\t\t\t\t\t\t<p class=\"elementor-icon-box-description\">\n\t\t\t\t\t\tImpulsa proyectos que dan forma a un ma\u00f1ana m\u00e1s verde con precisi\u00f3n y destreza.\n\n\n\n\t\t\t\t\t<\/p>\n\t\t\t\t\n\t\t\t<\/div>\n\t\t\t\n\t\t<\/div>\n\t\t\t\t\t\t<\/div>\n\t\t\t\t<\/div>\n\t\t\t\t<\/div>\r\n\t\t\t\t\t<\/div>\r\n\t\t\t\t<\/div>\r\n\t\t<div class=\"elementor-element elementor-element-96a7711 e-flex e-con-boxed e-con e-parent \" data-id=\"96a7711\" data-element_type=\"container\" data-settings=\"{&quot;animation&quot;:&quot;none&quot;}\">\t\t\t<div class=\"e-con-inner\">\r\n\t\t<div class=\"elementor-element elementor-element-129c60a e-con-full e-flex e-con e-child \" data-id=\"129c60a\" data-element_type=\"container\">\t\t<div class=\"elementor-element elementor-element-6352e3c elementor-widget elementor-widget-heading\" data-id=\"6352e3c\" data-element_type=\"widget\" data-settings=\"{&quot;_animation&quot;:&quot;none&quot;}\" data-widget_type=\"heading.default\">\n\t\t\t\t<div class=\"elementor-widget-container\">\n\t\t\t\t\t<h6 class=\"elementor-heading-title elementor-size-default\">Qui\u00e9nes Somos\n<\/h6>\t\t\t\t<\/div>\n\t\t\t\t<\/div>\n\t\t\t\t<div class=\"elementor-element elementor-element-4c9fea7 elementor-widget elementor-widget-heading\" data-id=\"4c9fea7\" data-element_type=\"widget\" data-settings=\"{&quot;_animation&quot;:&quot;none&quot;}\" data-widget_type=\"heading.default\">\n\t\t\t\t<div class=\"elementor-widget-container\">\n\t\t\t\t\t<h2 class=\"elementor-heading-title elementor-size-default\">Valores &amp; Cultura\n\n\n<\/h2>\t\t\t\t<\/div>\n\t\t\t\t<\/div>\n\t\t\t\t<div class=\"elementor-element elementor-element-5269d2f elementor-widget elementor-widget-text-editor\" data-id=\"5269d2f\" data-element_type=\"widget\" data-widget_type=\"text-editor.default\">\n\t\t\t\t<div class=\"elementor-widget-container\">\n\t\t\t\t\t\t\t\t\t<p class=\"p1\">Estamos comprometidos con fomentar la innovaci\u00f3n, el trabajo en equipo y la sostenibilidad, y buscamos personas que compartan esa pasi\u00f3n. Al unirte a nuestro equipo, formar\u00e1s parte de un entorno din\u00e1mico donde tus ideas son valoradas y tu crecimiento es una prioridad. Creemos en apoyar a nuestra gente, incentivar la creatividad y ofrecer oportunidades para generar un impacto tangible a trav\u00e9s de soluciones de energ\u00eda renovable.<\/p><p class=\"p1\">Cultivamos un ambiente de comunicaci\u00f3n abierta y respeto, donde la colaboraci\u00f3n impulsa el \u00e9xito. Ya sea en el campo o en la oficina, ser\u00e1s parte de un equipo que valora la integridad, la inclusi\u00f3n y los objetivos compartidos. En Conexsol, no solo estamos moldeando la industria solar, estamos construyendo un futuro en el que puedas prosperar profesionalmente mientras contribuyes a un mundo m\u00e1s sostenible. \u00bfListo para explorar oportunidades de trabajo?\u200b<\/p>\t\t\t\t\t\t\t\t<\/div>\n\t\t\t\t<\/div>\n\t\t\t\t<\/div>\r\n\t\t<div class=\"elementor-element elementor-element-43289b6 e-con-full e-flex e-con e-child \" data-id=\"43289b6\" data-element_type=\"container\" data-settings=\"{&quot;background_background&quot;:&quot;classic&quot;}\">\t\t<div class=\"elementor-element elementor-element-951a81c elementor-widget__width-initial elementor-widget elementor-widget-html\" data-id=\"951a81c\" data-element_type=\"widget\" data-widget_type=\"html.default\">\n\t\t\t\t<div class=\"elementor-widget-container\">\n\t\t\t\t\t<iframe aria-label='Formulario de Contrataci\u00f3n' frameborder=\"0\" style=\"height:500px;width:99%;border:none;\" data-src='https:\/\/forms.zohopublic.com\/conexsol1\/form\/FormulariodeContratacin\/formperma\/Qw462UjQ-VQS4gTiPLAXiEvLAjNiHUdlI-UK7DJ0QKs' src=\"data:image\/svg+xml;base64,PHN2ZyB3aWR0aD0iMSIgaGVpZ2h0PSIxIiB4bWxucz0iaHR0cDovL3d3dy53My5vcmcvMjAwMC9zdmciPjwvc3ZnPg==\" class=\"lazyload\" data-load-mode=\"1\"><\/iframe>\t\t\t\t<\/div>\n\t\t\t\t<\/div>\n\t\t\t\t<\/div>\r\n\t\t\t\t\t<\/div>\r\n\t\t\t\t<\/div>\r\n\t\t<div class=\"elementor-element elementor-element-e1b3164 e-flex e-con-boxed e-con e-parent \" data-id=\"e1b3164\" data-element_type=\"container\" data-settings=\"{&quot;background_background&quot;:&quot;video&quot;,&quot;background_video_link&quot;:&quot;https:\\\/\\\/youtu.be\\\/mUQ8mo2mEqk&quot;,&quot;background_video_start&quot;:4}\">\t\t\t<div class=\"e-con-inner\">\r\n\t\t<div class=\"elementor-background-video-container elementor-hidden-mobile\">\n\t\t\t\t\t\t\t<div class=\"elementor-background-video-embed\"><\/div>\n\t\t\t\t\t\t<\/div><div class=\"elementor-element elementor-element-6a46913 e-con-full e-flex e-con e-child \" data-id=\"6a46913\" data-element_type=\"container\">\t\t<div class=\"elementor-element elementor-element-18142d2 elementor-widget__width-initial elementor-widget elementor-widget-heading\" data-id=\"18142d2\" data-element_type=\"widget\" data-widget_type=\"heading.default\">\n\t\t\t\t<div class=\"elementor-widget-container\">\n\t\t\t\t\t<h2 class=\"elementor-heading-title elementor-size-default\">Pasante, Part-time, Full-time\n<\/h2>\t\t\t\t<\/div>\n\t\t\t\t<\/div>\n\t\t\t\t<div class=\"elementor-element elementor-element-1d5fa01 elementor-widget elementor-widget-spacer\" data-id=\"1d5fa01\" data-element_type=\"widget\" data-widget_type=\"spacer.default\">\n\t\t\t\t<div class=\"elementor-widget-container\">\n\t\t\t\t\t\t\t<div class=\"elementor-spacer\">\n\t\t\t<div class=\"elementor-spacer-inner\"><\/div>\n\t\t<\/div>\n\t\t\t\t\t\t<\/div>\n\t\t\t\t<\/div>\n\t\t\t\t<div class=\"elementor-element elementor-element-fec3346 elementor-widget elementor-widget-text-editor\" data-id=\"fec3346\" data-element_type=\"widget\" data-widget_type=\"text-editor.default\">\n\t\t\t\t<div class=\"elementor-widget-container\">\n\t\t\t\t\t\t\t\t\t<p>Sin importar el\u00a0<em>tipo<\/em> de trabajo que buscas, estamos emocionados de saber de ti.<\/p>\t\t\t\t\t\t\t\t<\/div>\n\t\t\t\t<\/div>\n\t\t\t\t<div class=\"elementor-element elementor-element-c282bdc elementor-widget elementor-widget-spacer\" data-id=\"c282bdc\" data-element_type=\"widget\" data-widget_type=\"spacer.default\">\n\t\t\t\t<div class=\"elementor-widget-container\">\n\t\t\t\t\t\t\t<div class=\"elementor-spacer\">\n\t\t\t<div class=\"elementor-spacer-inner\"><\/div>\n\t\t<\/div>\n\t\t\t\t\t\t<\/div>\n\t\t\t\t<\/div>\n\t\t\t\t<div class=\"elementor-element elementor-element-7bd3461 elementor-align-center elementor-widget__width-inherit elementor-widget elementor-widget-button\" data-id=\"7bd3461\" data-element_type=\"widget\" data-widget_type=\"button.default\">\n\t\t\t\t<div class=\"elementor-widget-container\">\n\t\t\t\t\t\t\t\t\t<div class=\"elementor-button-wrapper\">\n\t\t\t\t\t<a class=\"elementor-button elementor-button-link elementor-size-sm\" href=\"https:\/\/zmwhphccgbq.typeform.com\/to\/WRcGDxOZ?typeform-source=conexsol.redcodeclientes.online\" target=\"_blank\">\n\t\t\t\t\t\t<span class=\"elementor-button-content-wrapper\">\n\t\t\t\t\t\t\t\t\t<span class=\"elementor-button-text\">APLICA YA<\/span>\n\t\t\t\t\t<\/span>\n\t\t\t\t\t<\/a>\n\t\t\t\t<\/div>\n\t\t\t\t\t\t\t\t<\/div>\n\t\t\t\t<\/div>\n\t\t\t\t<\/div>\r\n\t\t\t\t\t<\/div>\r\n\t\t\t\t<\/div>\r\n\t\t\t\t<\/div>\n\t\t","protected":false},"excerpt":{"rendered":"<p>CARRERAS \u00danete a Nuestra Historia Encuentra Tu Pr\u00f3xima Aventura Ingenier\u00eda Innova con nosotros y construye el futuro de la energ\u00eda renovable. Customer Experience Crea un impacto duradero al ofrecer soluciones excepcionales a nuestros clientes. Marketing &amp; Ventas Impulsa nuestra misi\u00f3n conectando a las personas con la energ\u00eda sostenible. Procura &amp; Construcci\u00f3n Impulsa proyectos que dan [&hellip;]<\/p>\n","protected":false},"author":1,"featured_media":0,"parent":0,"menu_order":26,"comment_status":"closed","ping_status":"closed","template":"elementor_header_footer","meta":{"_acf_changed":false,"inline_featured_image":false,"_joinchat":[],"footnotes":""},"class_list":["post-12917","page","type-page","status-publish","hentry"],"acf":[],"yoast_head":"<!-- This site is optimized with the Yoast SEO plugin v26.7 - https:\/\/yoast.com\/wordpress\/plugins\/seo\/ -->\n<title>\u00danete al equipo - Conexsol<\/title>\n<meta name=\"robots\" content=\"index, follow, max-snippet:-1, max-image-preview:large, max-video-preview:-1\" \/>\n<link rel=\"canonical\" href=\"https:\/\/conexsol.com\/panama\/unete-al-equipo\/\" \/>\n<meta property=\"og:locale\" content=\"en_US\" \/>\n<meta property=\"og:type\" content=\"article\" \/>\n<meta property=\"og:title\" content=\"\u00danete al equipo - Conexsol\" \/>\n<meta property=\"og:description\" content=\"CARRERAS \u00danete a Nuestra Historia Encuentra Tu Pr\u00f3xima Aventura Ingenier\u00eda Innova con nosotros y construye el futuro de la energ\u00eda renovable. Customer Experience Crea un impacto duradero al ofrecer soluciones excepcionales a nuestros clientes. Marketing &amp; Ventas Impulsa nuestra misi\u00f3n conectando a las personas con la energ\u00eda sostenible. Procura &amp; Construcci\u00f3n Impulsa proyectos que dan [&hellip;]\" \/>\n<meta property=\"og:url\" content=\"https:\/\/conexsol.com\/panama\/unete-al-equipo\/\" \/>\n<meta property=\"og:site_name\" content=\"Conexsol\" \/>\n<meta property=\"article:modified_time\" content=\"2025-11-25T16:52:46+00:00\" \/>\n<meta property=\"og:image\" content=\"https:\/\/conexsol.com\/panama\/wp-content\/uploads\/2024\/10\/Conexsol-Logo-1.png\" \/>\n\t<meta property=\"og:image:width\" content=\"584\" \/>\n\t<meta property=\"og:image:height\" content=\"221\" \/>\n\t<meta property=\"og:image:type\" content=\"image\/png\" \/>\n<meta name=\"twitter:card\" content=\"summary_large_image\" \/>\n<meta name=\"twitter:label1\" content=\"Est. reading time\" \/>\n\t<meta name=\"twitter:data1\" content=\"1 minute\" \/>\n<script type=\"application\/ld+json\" class=\"yoast-schema-graph\">{\"@context\":\"https:\/\/schema.org\",\"@graph\":[{\"@type\":\"WebPage\",\"@id\":\"https:\/\/conexsol.com\/panama\/unete-al-equipo\/\",\"url\":\"https:\/\/conexsol.com\/panama\/unete-al-equipo\/\",\"name\":\"\u00danete al equipo - Conexsol\",\"isPartOf\":{\"@id\":\"https:\/\/conexsol.com\/panama\/#website\"},\"datePublished\":\"2025-05-21T14:08:08+00:00\",\"dateModified\":\"2025-11-25T16:52:46+00:00\",\"breadcrumb\":{\"@id\":\"https:\/\/conexsol.com\/panama\/unete-al-equipo\/#breadcrumb\"},\"inLanguage\":\"en-US\",\"potentialAction\":[{\"@type\":\"ReadAction\",\"target\":[\"https:\/\/conexsol.com\/panama\/unete-al-equipo\/\"]}]},{\"@type\":\"BreadcrumbList\",\"@id\":\"https:\/\/conexsol.com\/panama\/unete-al-equipo\/#breadcrumb\",\"itemListElement\":[{\"@type\":\"ListItem\",\"position\":1,\"name\":\"Home\",\"item\":\"https:\/\/conexsol.com\/panama\/\"},{\"@type\":\"ListItem\",\"position\":2,\"name\":\"\u00danete al equipo\"}]},{\"@type\":\"WebSite\",\"@id\":\"https:\/\/conexsol.com\/panama\/#website\",\"url\":\"https:\/\/conexsol.com\/panama\/\",\"name\":\"Conexsol\",\"description\":\"Empresa de paneles solares en Panam\u00e1\",\"publisher\":{\"@id\":\"https:\/\/conexsol.com\/panama\/#organization\"},\"alternateName\":\"Empresa de paneles solares en Panam\u00e1\",\"potentialAction\":[{\"@type\":\"SearchAction\",\"target\":{\"@type\":\"EntryPoint\",\"urlTemplate\":\"https:\/\/conexsol.com\/panama\/?s={search_term_string}\"},\"query-input\":{\"@type\":\"PropertyValueSpecification\",\"valueRequired\":true,\"valueName\":\"search_term_string\"}}],\"inLanguage\":\"en-US\"},{\"@type\":\"Organization\",\"@id\":\"https:\/\/conexsol.com\/panama\/#organization\",\"name\":\"Empresa de paneles solares en Panam\u00e1\",\"alternateName\":\"Empresa de paneles solares en Panam\u00e1\",\"url\":\"https:\/\/conexsol.com\/panama\/\",\"logo\":{\"@type\":\"ImageObject\",\"inLanguage\":\"en-US\",\"@id\":\"https:\/\/conexsol.com\/panama\/#\/schema\/logo\/image\/\",\"url\":\"https:\/\/conexsol.com\/panama\/wp-content\/uploads\/2022\/04\/conexsolLogoColor-1.png\",\"contentUrl\":\"https:\/\/conexsol.com\/panama\/wp-content\/uploads\/2022\/04\/conexsolLogoColor-1.png\",\"width\":584,\"height\":221,\"caption\":\"Empresa de paneles solares en Panam\u00e1\"},\"image\":{\"@id\":\"https:\/\/conexsol.com\/panama\/#\/schema\/logo\/image\/\"},\"sameAs\":[\"https:\/\/www.instagram.com\/conexsol_panama\/\"]}]}<\/script>\n<!-- \/ Yoast SEO plugin. -->","yoast_head_json":{"title":"\u00danete al equipo - Conexsol","robots":{"index":"index","follow":"follow","max-snippet":"max-snippet:-1","max-image-preview":"max-image-preview:large","max-video-preview":"max-video-preview:-1"},"canonical":"https:\/\/conexsol.com\/panama\/unete-al-equipo\/","og_locale":"en_US","og_type":"article","og_title":"\u00danete al equipo - Conexsol","og_description":"CARRERAS \u00danete a Nuestra Historia Encuentra Tu Pr\u00f3xima Aventura Ingenier\u00eda Innova con nosotros y construye el futuro de la energ\u00eda renovable. Customer Experience Crea un impacto duradero al ofrecer soluciones excepcionales a nuestros clientes. Marketing &amp; Ventas Impulsa nuestra misi\u00f3n conectando a las personas con la energ\u00eda sostenible. Procura &amp; Construcci\u00f3n Impulsa proyectos que dan [&hellip;]","og_url":"https:\/\/conexsol.com\/panama\/unete-al-equipo\/","og_site_name":"Conexsol","article_modified_time":"2025-11-25T16:52:46+00:00","og_image":[{"width":584,"height":221,"url":"https:\/\/conexsol.com\/panama\/wp-content\/uploads\/2024\/10\/Conexsol-Logo-1.png","type":"image\/png"}],"twitter_card":"summary_large_image","twitter_misc":{"Est. reading time":"1 minute"},"schema":{"@context":"https:\/\/schema.org","@graph":[{"@type":"WebPage","@id":"https:\/\/conexsol.com\/panama\/unete-al-equipo\/","url":"https:\/\/conexsol.com\/panama\/unete-al-equipo\/","name":"\u00danete al equipo - Conexsol","isPartOf":{"@id":"https:\/\/conexsol.com\/panama\/#website"},"datePublished":"2025-05-21T14:08:08+00:00","dateModified":"2025-11-25T16:52:46+00:00","breadcrumb":{"@id":"https:\/\/conexsol.com\/panama\/unete-al-equipo\/#breadcrumb"},"inLanguage":"en-US","potentialAction":[{"@type":"ReadAction","target":["https:\/\/conexsol.com\/panama\/unete-al-equipo\/"]}]},{"@type":"BreadcrumbList","@id":"https:\/\/conexsol.com\/panama\/unete-al-equipo\/#breadcrumb","itemListElement":[{"@type":"ListItem","position":1,"name":"Home","item":"https:\/\/conexsol.com\/panama\/"},{"@type":"ListItem","position":2,"name":"\u00danete al equipo"}]},{"@type":"WebSite","@id":"https:\/\/conexsol.com\/panama\/#website","url":"https:\/\/conexsol.com\/panama\/","name":"Conexsol","description":"Empresa de paneles solares en Panam\u00e1","publisher":{"@id":"https:\/\/conexsol.com\/panama\/#organization"},"alternateName":"Empresa de paneles solares en Panam\u00e1","potentialAction":[{"@type":"SearchAction","target":{"@type":"EntryPoint","urlTemplate":"https:\/\/conexsol.com\/panama\/?s={search_term_string}"},"query-input":{"@type":"PropertyValueSpecification","valueRequired":true,"valueName":"search_term_string"}}],"inLanguage":"en-US"},{"@type":"Organization","@id":"https:\/\/conexsol.com\/panama\/#organization","name":"Empresa de paneles solares en Panam\u00e1","alternateName":"Empresa de paneles solares en Panam\u00e1","url":"https:\/\/conexsol.com\/panama\/","logo":{"@type":"ImageObject","inLanguage":"en-US","@id":"https:\/\/conexsol.com\/panama\/#\/schema\/logo\/image\/","url":"https:\/\/conexsol.com\/panama\/wp-content\/uploads\/2022\/04\/conexsolLogoColor-1.png","contentUrl":"https:\/\/conexsol.com\/panama\/wp-content\/uploads\/2022\/04\/conexsolLogoColor-1.png","width":584,"height":221,"caption":"Empresa de paneles solares en Panam\u00e1"},"image":{"@id":"https:\/\/conexsol.com\/panama\/#\/schema\/logo\/image\/"},"sameAs":["https:\/\/www.instagram.com\/conexsol_panama\/"]}]}},"_links":{"self":[{"href":"https:\/\/conexsol.com\/panama\/wp-json\/wp\/v2\/pages\/12917","targetHints":{"allow":["GET"]}}],"collection":[{"href":"https:\/\/conexsol.com\/panama\/wp-json\/wp\/v2\/pages"}],"about":[{"href":"https:\/\/conexsol.com\/panama\/wp-json\/wp\/v2\/types\/page"}],"author":[{"embeddable":true,"href":"https:\/\/conexsol.com\/panama\/wp-json\/wp\/v2\/users\/1"}],"replies":[{"embeddable":true,"href":"https:\/\/conexsol.com\/panama\/wp-json\/wp\/v2\/comments?post=12917"}],"version-history":[{"count":9,"href":"https:\/\/conexsol.com\/panama\/wp-json\/wp\/v2\/pages\/12917\/revisions"}],"predecessor-version":[{"id":14730,"href":"https:\/\/conexsol.com\/panama\/wp-json\/wp\/v2\/pages\/12917\/revisions\/14730"}],"wp:attachment":[{"href":"https:\/\/conexsol.com\/panama\/wp-json\/wp\/v2\/media?parent=12917"}],"curies":[{"name":"wp","href":"https:\/\/api.w.org\/{rel}","templated":true}]}}