{"id":12884,"date":"2025-05-14T15:48:27","date_gmt":"2025-05-14T19:48:27","guid":{"rendered":"https:\/\/conexsol.com\/panama\/?page_id=12884"},"modified":"2025-06-12T11:52:32","modified_gmt":"2025-06-12T15:52:32","slug":"alianzas-con-conexsol","status":"publish","type":"page","link":"https:\/\/conexsol.com\/panama\/alianzas-con-conexsol\/","title":{"rendered":"Alianzas con Conexsol"},"content":{"rendered":"\t\t<div data-elementor-type=\"wp-page\" data-elementor-id=\"12884\" class=\"elementor elementor-12884\">\n\t\t\t\t<div class=\"elementor-element elementor-element-7384fca e-flex e-con-boxed e-con e-parent \" data-id=\"7384fca\" data-element_type=\"container\" data-settings=\"{&quot;background_background&quot;:&quot;classic&quot;}\">\t\t\t<div class=\"e-con-inner\">\r\n\t\t<div class=\"elementor-element elementor-element-feb3c8f e-con-full e-flex e-con e-child \" data-id=\"feb3c8f\" data-element_type=\"container\">\t\t<div class=\"elementor-element elementor-element-74dab5f elementor-widget elementor-widget-heading\" data-id=\"74dab5f\" data-element_type=\"widget\" data-widget_type=\"heading.default\">\n\t\t\t\t<div class=\"elementor-widget-container\">\n\t\t\t\t\t<h1 class=\"elementor-heading-title elementor-size-default\">Alianzas\n<\/h1>\t\t\t\t<\/div>\n\t\t\t\t<\/div>\n\t\t\t\t<div class=\"elementor-element elementor-element-58728da elementor-widget elementor-widget-heading\" data-id=\"58728da\" data-element_type=\"widget\" data-widget_type=\"heading.default\">\n\t\t\t\t<div class=\"elementor-widget-container\">\n\t\t\t\t\t<h2 class=\"elementor-heading-title elementor-size-default\">\u00bfVes una oportunidad para que trabajemos juntos?\n<\/h2>\t\t\t\t<\/div>\n\t\t\t\t<\/div>\n\t\t\t\t<div class=\"elementor-element elementor-element-003d885 elementor-widget elementor-widget-text-editor\" data-id=\"003d885\" data-element_type=\"widget\" data-widget_type=\"text-editor.default\">\n\t\t\t\t<div class=\"elementor-widget-container\">\n\t\t\t\t\t\t\t\t\t<div class=\"wpb_text_column wpb_content_element  vc_custom_1728594359843\"><div class=\"wpb_wrapper\"><p class=\"p1\">Siempre estamos en busca de socios con ideas afines para generar un cambio significativo a trav\u00e9s de soluciones innovadoras de energ\u00eda solar. Si ves una oportunidad para colaborar, nos encantar\u00eda explorar c\u00f3mo podemos trabajar juntos.<\/p><\/div><\/div>\t\t\t\t\t\t\t\t<\/div>\n\t\t\t\t<\/div>\n\t\t\t\t<div class=\"elementor-element elementor-element-8019bdb elementor-align-left elementor-widget elementor-widget-button\" data-id=\"8019bdb\" data-element_type=\"widget\" data-widget_type=\"button.default\">\n\t\t\t\t<div class=\"elementor-widget-container\">\n\t\t\t\t\t\t\t\t\t<div class=\"elementor-button-wrapper\">\n\t\t\t\t\t<a class=\"elementor-button elementor-button-link elementor-size-sm\" href=\"https:\/\/zmwhphccgbq.typeform.com\/to\/D7tcYWRD?typeform-source=conexsol.redcodeclientes.online\">\n\t\t\t\t\t\t<span class=\"elementor-button-content-wrapper\">\n\t\t\t\t\t\t<span class=\"elementor-button-icon\">\n\t\t\t\t<i aria-hidden=\"true\" class=\"fas fa-arrow-circle-right\"><\/i>\t\t\t<\/span>\n\t\t\t\t\t\t\t\t\t<span class=\"elementor-button-text\">Explorar Alianzas<\/span>\n\t\t\t\t\t<\/span>\n\t\t\t\t\t<\/a>\n\t\t\t\t<\/div>\n\t\t\t\t\t\t\t\t<\/div>\n\t\t\t\t<\/div>\n\t\t\t\t<\/div>\r\n\t\t<div class=\"elementor-element elementor-element-d2dc46a e-con-full e-grid e-con e-child \" data-id=\"d2dc46a\" data-element_type=\"container\">\t\t<div class=\"elementor-element elementor-element-f82dc51 elementor-view-default elementor-position-top elementor-mobile-position-top elementor-widget elementor-widget-icon-box\" data-id=\"f82dc51\" data-element_type=\"widget\" data-widget_type=\"icon-box.default\">\n\t\t\t\t<div class=\"elementor-widget-container\">\n\t\t\t\t\t\t\t<div class=\"elementor-icon-box-wrapper\">\n\n\t\t\t\t\t\t<div class=\"elementor-icon-box-icon\">\n\t\t\t\t<span  class=\"elementor-icon\">\n\t\t\t\t<i aria-hidden=\"true\" class=\"far fa-check-circle\"><\/i>\t\t\t\t<\/span>\n\t\t\t<\/div>\n\t\t\t\n\t\t\t\t\t\t<div class=\"elementor-icon-box-content\">\n\n\t\t\t\t\t\t\t\t\t<h3 class=\"elementor-icon-box-title\">\n\t\t\t\t\t\t<span  >\n\t\t\t\t\t\t\tLiderazgo en Sostenibilidad\t\t\t\t\t\t<\/span>\n\t\t\t\t\t<\/h3>\n\t\t\t\t\n\t\t\t\t\t\t\t\t\t<p class=\"elementor-icon-box-description\">\n\t\t\t\t\t\tColabora en proyectos impactantes que impulsan cambios positivos en el medio ambiente y la sociedad.\n\t\t\t\t\t<\/p>\n\t\t\t\t\n\t\t\t<\/div>\n\t\t\t\n\t\t<\/div>\n\t\t\t\t\t\t<\/div>\n\t\t\t\t<\/div>\n\t\t\t\t<div class=\"elementor-element elementor-element-788da20 elementor-view-default elementor-position-top elementor-mobile-position-top elementor-widget elementor-widget-icon-box\" data-id=\"788da20\" data-element_type=\"widget\" data-widget_type=\"icon-box.default\">\n\t\t\t\t<div class=\"elementor-widget-container\">\n\t\t\t\t\t\t\t<div class=\"elementor-icon-box-wrapper\">\n\n\t\t\t\t\t\t<div class=\"elementor-icon-box-icon\">\n\t\t\t\t<span  class=\"elementor-icon\">\n\t\t\t\t<i aria-hidden=\"true\" class=\"far fa-check-circle\"><\/i>\t\t\t\t<\/span>\n\t\t\t<\/div>\n\t\t\t\n\t\t\t\t\t\t<div class=\"elementor-icon-box-content\">\n\n\t\t\t\t\t\t\t\t\t<h3 class=\"elementor-icon-box-title\">\n\t\t\t\t\t\t<span  >\n\t\t\t\t\t\t\t Visi\u00f3n Innovadora\t\t\t\t\t\t<\/span>\n\t\t\t\t\t<\/h3>\n\t\t\t\t\n\t\t\t\t\t\t\t\t\t<p class=\"elementor-icon-box-description\">\n\t\t\t\t\t\tAs\u00f3ciate con una empresa visionaria que impulsa el futuro de las soluciones de energ\u00eda limpia.\n\n\t\t\t\t\t<\/p>\n\t\t\t\t\n\t\t\t<\/div>\n\t\t\t\n\t\t<\/div>\n\t\t\t\t\t\t<\/div>\n\t\t\t\t<\/div>\n\t\t\t\t<div class=\"elementor-element elementor-element-c421376 elementor-view-default elementor-position-top elementor-mobile-position-top elementor-widget elementor-widget-icon-box\" data-id=\"c421376\" data-element_type=\"widget\" data-widget_type=\"icon-box.default\">\n\t\t\t\t<div class=\"elementor-widget-container\">\n\t\t\t\t\t\t\t<div class=\"elementor-icon-box-wrapper\">\n\n\t\t\t\t\t\t<div class=\"elementor-icon-box-icon\">\n\t\t\t\t<span  class=\"elementor-icon\">\n\t\t\t\t<i aria-hidden=\"true\" class=\"far fa-check-circle\"><\/i>\t\t\t\t<\/span>\n\t\t\t<\/div>\n\t\t\t\n\t\t\t\t\t\t<div class=\"elementor-icon-box-content\">\n\n\t\t\t\t\t\t\t\t\t<h3 class=\"elementor-icon-box-title\">\n\t\t\t\t\t\t<span  >\n\t\t\t\t\t\t\tApoyo de Expertos\t\t\t\t\t\t<\/span>\n\t\t\t\t\t<\/h3>\n\t\t\t\t\n\t\t\t\t\t\t\t\t\t<p class=\"elementor-icon-box-description\">\n\t\t\t\t\t\tRecibe un servicio dedicado y el respaldo de un equipo comprometido con tu \u00e9xito.\n\n\n\t\t\t\t\t<\/p>\n\t\t\t\t\n\t\t\t<\/div>\n\t\t\t\n\t\t<\/div>\n\t\t\t\t\t\t<\/div>\n\t\t\t\t<\/div>\n\t\t\t\t<div class=\"elementor-element elementor-element-e5c4b3e elementor-view-default elementor-position-top elementor-mobile-position-top elementor-widget elementor-widget-icon-box\" data-id=\"e5c4b3e\" data-element_type=\"widget\" data-widget_type=\"icon-box.default\">\n\t\t\t\t<div class=\"elementor-widget-container\">\n\t\t\t\t\t\t\t<div class=\"elementor-icon-box-wrapper\">\n\n\t\t\t\t\t\t<div class=\"elementor-icon-box-icon\">\n\t\t\t\t<span  class=\"elementor-icon\">\n\t\t\t\t<i aria-hidden=\"true\" class=\"far fa-check-circle\"><\/i>\t\t\t\t<\/span>\n\t\t\t<\/div>\n\t\t\t\n\t\t\t\t\t\t<div class=\"elementor-icon-box-content\">\n\n\t\t\t\t\t\t\t\t\t<h3 class=\"elementor-icon-box-title\">\n\t\t\t\t\t\t<span  >\n\t\t\t\t\t\t\tPresencia Internacional\t\t\t\t\t\t<\/span>\n\t\t\t\t\t<\/h3>\n\t\t\t\t\n\t\t\t\t\t\t\t\t\t<p class=\"elementor-icon-box-description\">\n\t\t\t\t\t\tAprovecha nuestra red en expansi\u00f3n y experiencia en toda Am\u00e9rica Latina y m\u00e1s all\u00e1.\n\n\n\t\t\t\t\t<\/p>\n\t\t\t\t\n\t\t\t<\/div>\n\t\t\t\n\t\t<\/div>\n\t\t\t\t\t\t<\/div>\n\t\t\t\t<\/div>\n\t\t\t\t<\/div>\r\n\t\t\t\t\t<\/div>\r\n\t\t\t\t<\/div>\r\n\t\t\t\t<\/div>\n\t\t","protected":false},"excerpt":{"rendered":"<p>Alianzas \u00bfVes una oportunidad para que trabajemos juntos? Siempre estamos en busca de socios con ideas afines para generar un cambio significativo a trav\u00e9s de soluciones innovadoras de energ\u00eda solar. Si ves una oportunidad para colaborar, nos encantar\u00eda explorar c\u00f3mo podemos trabajar juntos. Explorar Alianzas Liderazgo en Sostenibilidad Colabora en proyectos impactantes que impulsan cambios [&hellip;]<\/p>\n","protected":false},"author":8,"featured_media":0,"parent":0,"menu_order":7,"comment_status":"closed","ping_status":"closed","template":"elementor_header_footer","meta":{"_acf_changed":false,"inline_featured_image":false,"_joinchat":[],"footnotes":""},"class_list":["post-12884","page","type-page","status-publish","hentry"],"acf":[],"yoast_head":"<!-- This site is optimized with the Yoast SEO plugin v26.7 - https:\/\/yoast.com\/wordpress\/plugins\/seo\/ -->\n<title>Alianzas con Conexsol - Conexsol<\/title>\n<meta name=\"robots\" content=\"index, follow, max-snippet:-1, max-image-preview:large, max-video-preview:-1\" \/>\n<link rel=\"canonical\" href=\"https:\/\/conexsol.com\/panama\/alianzas-con-conexsol\/\" \/>\n<meta property=\"og:locale\" content=\"en_US\" \/>\n<meta property=\"og:type\" content=\"article\" \/>\n<meta property=\"og:title\" content=\"Alianzas con Conexsol - Conexsol\" \/>\n<meta property=\"og:description\" content=\"Alianzas \u00bfVes una oportunidad para que trabajemos juntos? Siempre estamos en busca de socios con ideas afines para generar un cambio significativo a trav\u00e9s de soluciones innovadoras de energ\u00eda solar. Si ves una oportunidad para colaborar, nos encantar\u00eda explorar c\u00f3mo podemos trabajar juntos. Explorar Alianzas Liderazgo en Sostenibilidad Colabora en proyectos impactantes que impulsan cambios [&hellip;]\" \/>\n<meta property=\"og:url\" content=\"https:\/\/conexsol.com\/panama\/alianzas-con-conexsol\/\" \/>\n<meta property=\"og:site_name\" content=\"Conexsol\" \/>\n<meta property=\"article:modified_time\" content=\"2025-06-12T15:52:32+00:00\" \/>\n<meta property=\"og:image\" content=\"https:\/\/conexsol.com\/panama\/wp-content\/uploads\/2024\/10\/Conexsol-Logo-1.png\" \/>\n\t<meta property=\"og:image:width\" content=\"584\" \/>\n\t<meta property=\"og:image:height\" content=\"221\" \/>\n\t<meta property=\"og:image:type\" content=\"image\/png\" \/>\n<meta name=\"twitter:card\" content=\"summary_large_image\" \/>\n<meta name=\"twitter:label1\" content=\"Est. reading time\" \/>\n\t<meta name=\"twitter:data1\" content=\"1 minute\" \/>\n<script type=\"application\/ld+json\" class=\"yoast-schema-graph\">{\"@context\":\"https:\/\/schema.org\",\"@graph\":[{\"@type\":\"WebPage\",\"@id\":\"https:\/\/conexsol.com\/panama\/alianzas-con-conexsol\/\",\"url\":\"https:\/\/conexsol.com\/panama\/alianzas-con-conexsol\/\",\"name\":\"Alianzas con Conexsol - Conexsol\",\"isPartOf\":{\"@id\":\"https:\/\/conexsol.com\/panama\/#website\"},\"datePublished\":\"2025-05-14T19:48:27+00:00\",\"dateModified\":\"2025-06-12T15:52:32+00:00\",\"breadcrumb\":{\"@id\":\"https:\/\/conexsol.com\/panama\/alianzas-con-conexsol\/#breadcrumb\"},\"inLanguage\":\"en-US\",\"potentialAction\":[{\"@type\":\"ReadAction\",\"target\":[\"https:\/\/conexsol.com\/panama\/alianzas-con-conexsol\/\"]}]},{\"@type\":\"BreadcrumbList\",\"@id\":\"https:\/\/conexsol.com\/panama\/alianzas-con-conexsol\/#breadcrumb\",\"itemListElement\":[{\"@type\":\"ListItem\",\"position\":1,\"name\":\"Home\",\"item\":\"https:\/\/conexsol.com\/panama\/\"},{\"@type\":\"ListItem\",\"position\":2,\"name\":\"Alianzas con Conexsol\"}]},{\"@type\":\"WebSite\",\"@id\":\"https:\/\/conexsol.com\/panama\/#website\",\"url\":\"https:\/\/conexsol.com\/panama\/\",\"name\":\"Conexsol\",\"description\":\"Empresa de paneles solares en Panam\u00e1\",\"publisher\":{\"@id\":\"https:\/\/conexsol.com\/panama\/#organization\"},\"alternateName\":\"Empresa de paneles solares en Panam\u00e1\",\"potentialAction\":[{\"@type\":\"SearchAction\",\"target\":{\"@type\":\"EntryPoint\",\"urlTemplate\":\"https:\/\/conexsol.com\/panama\/?s={search_term_string}\"},\"query-input\":{\"@type\":\"PropertyValueSpecification\",\"valueRequired\":true,\"valueName\":\"search_term_string\"}}],\"inLanguage\":\"en-US\"},{\"@type\":\"Organization\",\"@id\":\"https:\/\/conexsol.com\/panama\/#organization\",\"name\":\"Empresa de paneles solares en Panam\u00e1\",\"alternateName\":\"Empresa de paneles solares en Panam\u00e1\",\"url\":\"https:\/\/conexsol.com\/panama\/\",\"logo\":{\"@type\":\"ImageObject\",\"inLanguage\":\"en-US\",\"@id\":\"https:\/\/conexsol.com\/panama\/#\/schema\/logo\/image\/\",\"url\":\"https:\/\/conexsol.com\/panama\/wp-content\/uploads\/2022\/04\/conexsolLogoColor-1.png\",\"contentUrl\":\"https:\/\/conexsol.com\/panama\/wp-content\/uploads\/2022\/04\/conexsolLogoColor-1.png\",\"width\":584,\"height\":221,\"caption\":\"Empresa de paneles solares en Panam\u00e1\"},\"image\":{\"@id\":\"https:\/\/conexsol.com\/panama\/#\/schema\/logo\/image\/\"},\"sameAs\":[\"https:\/\/www.instagram.com\/conexsol_panama\/\"]}]}<\/script>\n<!-- \/ Yoast SEO plugin. -->","yoast_head_json":{"title":"Alianzas con Conexsol - Conexsol","robots":{"index":"index","follow":"follow","max-snippet":"max-snippet:-1","max-image-preview":"max-image-preview:large","max-video-preview":"max-video-preview:-1"},"canonical":"https:\/\/conexsol.com\/panama\/alianzas-con-conexsol\/","og_locale":"en_US","og_type":"article","og_title":"Alianzas con Conexsol - Conexsol","og_description":"Alianzas \u00bfVes una oportunidad para que trabajemos juntos? Siempre estamos en busca de socios con ideas afines para generar un cambio significativo a trav\u00e9s de soluciones innovadoras de energ\u00eda solar. Si ves una oportunidad para colaborar, nos encantar\u00eda explorar c\u00f3mo podemos trabajar juntos. Explorar Alianzas Liderazgo en Sostenibilidad Colabora en proyectos impactantes que impulsan cambios [&hellip;]","og_url":"https:\/\/conexsol.com\/panama\/alianzas-con-conexsol\/","og_site_name":"Conexsol","article_modified_time":"2025-06-12T15:52:32+00:00","og_image":[{"width":584,"height":221,"url":"https:\/\/conexsol.com\/panama\/wp-content\/uploads\/2024\/10\/Conexsol-Logo-1.png","type":"image\/png"}],"twitter_card":"summary_large_image","twitter_misc":{"Est. reading time":"1 minute"},"schema":{"@context":"https:\/\/schema.org","@graph":[{"@type":"WebPage","@id":"https:\/\/conexsol.com\/panama\/alianzas-con-conexsol\/","url":"https:\/\/conexsol.com\/panama\/alianzas-con-conexsol\/","name":"Alianzas con Conexsol - Conexsol","isPartOf":{"@id":"https:\/\/conexsol.com\/panama\/#website"},"datePublished":"2025-05-14T19:48:27+00:00","dateModified":"2025-06-12T15:52:32+00:00","breadcrumb":{"@id":"https:\/\/conexsol.com\/panama\/alianzas-con-conexsol\/#breadcrumb"},"inLanguage":"en-US","potentialAction":[{"@type":"ReadAction","target":["https:\/\/conexsol.com\/panama\/alianzas-con-conexsol\/"]}]},{"@type":"BreadcrumbList","@id":"https:\/\/conexsol.com\/panama\/alianzas-con-conexsol\/#breadcrumb","itemListElement":[{"@type":"ListItem","position":1,"name":"Home","item":"https:\/\/conexsol.com\/panama\/"},{"@type":"ListItem","position":2,"name":"Alianzas con Conexsol"}]},{"@type":"WebSite","@id":"https:\/\/conexsol.com\/panama\/#website","url":"https:\/\/conexsol.com\/panama\/","name":"Conexsol","description":"Empresa de paneles solares en Panam\u00e1","publisher":{"@id":"https:\/\/conexsol.com\/panama\/#organization"},"alternateName":"Empresa de paneles solares en Panam\u00e1","potentialAction":[{"@type":"SearchAction","target":{"@type":"EntryPoint","urlTemplate":"https:\/\/conexsol.com\/panama\/?s={search_term_string}"},"query-input":{"@type":"PropertyValueSpecification","valueRequired":true,"valueName":"search_term_string"}}],"inLanguage":"en-US"},{"@type":"Organization","@id":"https:\/\/conexsol.com\/panama\/#organization","name":"Empresa de paneles solares en Panam\u00e1","alternateName":"Empresa de paneles solares en Panam\u00e1","url":"https:\/\/conexsol.com\/panama\/","logo":{"@type":"ImageObject","inLanguage":"en-US","@id":"https:\/\/conexsol.com\/panama\/#\/schema\/logo\/image\/","url":"https:\/\/conexsol.com\/panama\/wp-content\/uploads\/2022\/04\/conexsolLogoColor-1.png","contentUrl":"https:\/\/conexsol.com\/panama\/wp-content\/uploads\/2022\/04\/conexsolLogoColor-1.png","width":584,"height":221,"caption":"Empresa de paneles solares en Panam\u00e1"},"image":{"@id":"https:\/\/conexsol.com\/panama\/#\/schema\/logo\/image\/"},"sameAs":["https:\/\/www.instagram.com\/conexsol_panama\/"]}]}},"_links":{"self":[{"href":"https:\/\/conexsol.com\/panama\/wp-json\/wp\/v2\/pages\/12884","targetHints":{"allow":["GET"]}}],"collection":[{"href":"https:\/\/conexsol.com\/panama\/wp-json\/wp\/v2\/pages"}],"about":[{"href":"https:\/\/conexsol.com\/panama\/wp-json\/wp\/v2\/types\/page"}],"author":[{"embeddable":true,"href":"https:\/\/conexsol.com\/panama\/wp-json\/wp\/v2\/users\/8"}],"replies":[{"embeddable":true,"href":"https:\/\/conexsol.com\/panama\/wp-json\/wp\/v2\/comments?post=12884"}],"version-history":[{"count":0,"href":"https:\/\/conexsol.com\/panama\/wp-json\/wp\/v2\/pages\/12884\/revisions"}],"wp:attachment":[{"href":"https:\/\/conexsol.com\/panama\/wp-json\/wp\/v2\/media?parent=12884"}],"curies":[{"name":"wp","href":"https:\/\/api.w.org\/{rel}","templated":true}]}}